{"id":10176,"date":"2026-03-13T12:19:30","date_gmt":"2026-03-13T12:19:30","guid":{"rendered":"https:\/\/terauto.pt\/?post_type=product&#038;p=10176"},"modified":"2026-03-13T12:19:53","modified_gmt":"2026-03-13T12:19:53","slug":"bmw-serie-3-318-d-navigation","status":"publish","type":"product","link":"https:\/\/terauto.pt\/en\/viaturas\/bmw-serie-3-318-d-navigation\/","title":{"rendered":"BMW Serie-3 318 d Navigation"},"content":{"rendered":"","protected":false},"excerpt":{"rendered":"","protected":false},"featured_media":10175,"template":"","meta":{"_acf_changed":false},"location":[50],"modelo":[1403],"version":[939],"product_brand":[37],"product_cat":[29],"product_tag":[1404,1405,1374,1333,1191,956,857,852,44],"class_list":{"0":"post-10176","1":"product","2":"type-product","3":"status-publish","4":"has-post-thumbnail","6":"location-terceira","7":"modelo-318-d","8":"version-318-d-touring-line-sport","9":"product_brand-bmw","10":"product_cat-usados","11":"product_tag-318-d","12":"product_tag-navigation","13":"product_tag-serie-3","14":"product_tag-faial","15":"product_tag-terceira","16":"product_tag-terauto","17":"product_tag-pico","18":"product_tag-usados","19":"product_tag-bmw","21":"first","22":"outofstock","23":"shipping-taxable","24":"purchasable","25":"product-type-simple"},"acf":[],"yoast_head":"<!-- This site is optimized with the Yoast SEO plugin v26.8 - https:\/\/yoast.com\/product\/yoast-seo-wordpress\/ -->\n<title>BMW Serie-3 318 d Navigation - TERAUTO - Toyota | Citro\u00ebn | Nissan | Fiat | Abarth | BMW e Mini Service<\/title>\n<meta name=\"robots\" content=\"index, follow, max-snippet:-1, max-image-preview:large, max-video-preview:-1\" \/>\n<link rel=\"canonical\" href=\"https:\/\/terauto.pt\/en\/viaturas\/bmw-serie-3-318-d-navigation\/\" \/>\n<meta property=\"og:locale\" content=\"en_GB\" \/>\n<meta property=\"og:type\" content=\"article\" \/>\n<meta property=\"og:title\" content=\"BMW Serie-3 318 d Navigation - TERAUTO - Toyota | Citro\u00ebn | Nissan | Fiat | Abarth | BMW e Mini Service\" \/>\n<meta property=\"og:url\" content=\"https:\/\/terauto.pt\/en\/viaturas\/bmw-serie-3-318-d-navigation\/\" \/>\n<meta property=\"og:site_name\" content=\"TERAUTO - Toyota | Citro\u00ebn | Nissan | Fiat | Abarth | BMW e Mini Service\" \/>\n<meta property=\"article:publisher\" content=\"https:\/\/www.facebook.com\/terauto.pt\" \/>\n<meta property=\"article:modified_time\" content=\"2026-03-13T12:19:53+00:00\" \/>\n<meta property=\"og:image\" content=\"https:\/\/terauto.pt\/wp-content\/uploads\/2026\/03\/WhatsApp-Image-2026-03-13-at-10.34.10.jpeg\" \/>\n\t<meta property=\"og:image:width\" content=\"2000\" \/>\n\t<meta property=\"og:image:height\" content=\"1500\" \/>\n\t<meta property=\"og:image:type\" content=\"image\/jpeg\" \/>\n<meta name=\"twitter:card\" content=\"summary_large_image\" \/>\n<meta name=\"twitter:label1\" content=\"Estimated reading time\" \/>\n\t<meta name=\"twitter:data1\" content=\"1 minute\" \/>\n<script type=\"application\/ld+json\" class=\"yoast-schema-graph\">{\"@context\":\"https:\/\/schema.org\",\"@graph\":[{\"@type\":\"WebPage\",\"@id\":\"https:\/\/terauto.pt\/viaturas\/bmw-serie-3-318-d-navigation\/\",\"url\":\"https:\/\/terauto.pt\/viaturas\/bmw-serie-3-318-d-navigation\/\",\"name\":\"BMW Serie-3 318 d Navigation - TERAUTO - Toyota | Citro\u00ebn | Nissan | Fiat | Abarth | BMW e Mini Service\",\"isPartOf\":{\"@id\":\"https:\/\/terauto.pt\/#website\"},\"primaryImageOfPage\":{\"@id\":\"https:\/\/terauto.pt\/viaturas\/bmw-serie-3-318-d-navigation\/#primaryimage\"},\"image\":{\"@id\":\"https:\/\/terauto.pt\/viaturas\/bmw-serie-3-318-d-navigation\/#primaryimage\"},\"thumbnailUrl\":\"https:\/\/terauto.pt\/wp-content\/uploads\/2026\/03\/WhatsApp-Image-2026-03-13-at-10.34.10.jpeg\",\"datePublished\":\"2026-03-13T12:19:30+00:00\",\"dateModified\":\"2026-03-13T12:19:53+00:00\",\"breadcrumb\":{\"@id\":\"https:\/\/terauto.pt\/viaturas\/bmw-serie-3-318-d-navigation\/#breadcrumb\"},\"inLanguage\":\"en-GB\",\"potentialAction\":[{\"@type\":\"ReadAction\",\"target\":[\"https:\/\/terauto.pt\/viaturas\/bmw-serie-3-318-d-navigation\/\"]}]},{\"@type\":\"ImageObject\",\"inLanguage\":\"en-GB\",\"@id\":\"https:\/\/terauto.pt\/viaturas\/bmw-serie-3-318-d-navigation\/#primaryimage\",\"url\":\"https:\/\/terauto.pt\/wp-content\/uploads\/2026\/03\/WhatsApp-Image-2026-03-13-at-10.34.10.jpeg\",\"contentUrl\":\"https:\/\/terauto.pt\/wp-content\/uploads\/2026\/03\/WhatsApp-Image-2026-03-13-at-10.34.10.jpeg\",\"width\":2000,\"height\":1500},{\"@type\":\"BreadcrumbList\",\"@id\":\"https:\/\/terauto.pt\/viaturas\/bmw-serie-3-318-d-navigation\/#breadcrumb\",\"itemListElement\":[{\"@type\":\"ListItem\",\"position\":1,\"name\":\"In\u00edcio\",\"item\":\"https:\/\/terauto.pt\/\"},{\"@type\":\"ListItem\",\"position\":2,\"name\":\"Viaturas\",\"item\":\"https:\/\/terauto.pt\/viaturas\/\"},{\"@type\":\"ListItem\",\"position\":3,\"name\":\"BMW Serie-3 318 d Navigation\"}]},{\"@type\":\"WebSite\",\"@id\":\"https:\/\/terauto.pt\/#website\",\"url\":\"https:\/\/terauto.pt\/\",\"name\":\"TERAUTO - Toyota | Citro\u00ebn | Nissan | Fiat | Abarth | BMW Service | Mini Service\",\"description\":\"Servi\u00e7os autom\u00f3veis de manuten\u00e7\u00e3o, repara\u00e7\u00e3o e venda de pe\u00e7as originais nas ilhas Terceira, Faial e Pico\",\"publisher\":{\"@id\":\"https:\/\/terauto.pt\/#organization\"},\"alternateName\":\"TERAUTO\",\"potentialAction\":[{\"@type\":\"SearchAction\",\"target\":{\"@type\":\"EntryPoint\",\"urlTemplate\":\"https:\/\/terauto.pt\/?s={search_term_string}\"},\"query-input\":{\"@type\":\"PropertyValueSpecification\",\"valueRequired\":true,\"valueName\":\"search_term_string\"}}],\"inLanguage\":\"en-GB\"},{\"@type\":\"Organization\",\"@id\":\"https:\/\/terauto.pt\/#organization\",\"name\":\"TERAUTO - Toyota | Citro\u00ebn | Nissan | Fiat | Abarth | BMW Service | Mini Service\",\"alternateName\":\"TERAUTO\",\"url\":\"https:\/\/terauto.pt\/\",\"logo\":{\"@type\":\"ImageObject\",\"inLanguage\":\"en-GB\",\"@id\":\"https:\/\/terauto.pt\/#\/schema\/logo\/image\/\",\"url\":\"https:\/\/terauto.pt\/wp-content\/uploads\/2025\/01\/Terauto_Alt-H_Black.svg\",\"contentUrl\":\"https:\/\/terauto.pt\/wp-content\/uploads\/2025\/01\/Terauto_Alt-H_Black.svg\",\"width\":552,\"height\":92,\"caption\":\"TERAUTO - Toyota | Citro\u00ebn | Nissan | Fiat | Abarth | BMW Service | Mini Service\"},\"image\":{\"@id\":\"https:\/\/terauto.pt\/#\/schema\/logo\/image\/\"},\"sameAs\":[\"https:\/\/www.facebook.com\/terauto.pt\",\"https:\/\/www.instagram.com\/terauto.lda\",\"https:\/\/www.youtube.com\/@Terauto-PT\"]}]}<\/script>\n<!-- \/ Yoast SEO plugin. -->","yoast_head_json":{"title":"BMW Serie-3 318 d Navigation - TERAUTO - Toyota | Citro\u00ebn | Nissan | Fiat | Abarth | BMW e Mini Service","robots":{"index":"index","follow":"follow","max-snippet":"max-snippet:-1","max-image-preview":"max-image-preview:large","max-video-preview":"max-video-preview:-1"},"canonical":"https:\/\/terauto.pt\/en\/viaturas\/bmw-serie-3-318-d-navigation\/","og_locale":"en_GB","og_type":"article","og_title":"BMW Serie-3 318 d Navigation - TERAUTO - Toyota | Citro\u00ebn | Nissan | Fiat | Abarth | BMW e Mini Service","og_url":"https:\/\/terauto.pt\/en\/viaturas\/bmw-serie-3-318-d-navigation\/","og_site_name":"TERAUTO - Toyota | Citro\u00ebn | Nissan | Fiat | Abarth | BMW e Mini Service","article_publisher":"https:\/\/www.facebook.com\/terauto.pt","article_modified_time":"2026-03-13T12:19:53+00:00","og_image":[{"width":2000,"height":1500,"url":"https:\/\/terauto.pt\/wp-content\/uploads\/2026\/03\/WhatsApp-Image-2026-03-13-at-10.34.10.jpeg","type":"image\/jpeg"}],"twitter_card":"summary_large_image","twitter_misc":{"Estimated reading time":"1 minute"},"schema":{"@context":"https:\/\/schema.org","@graph":[{"@type":"WebPage","@id":"https:\/\/terauto.pt\/viaturas\/bmw-serie-3-318-d-navigation\/","url":"https:\/\/terauto.pt\/viaturas\/bmw-serie-3-318-d-navigation\/","name":"BMW Serie-3 318 d Navigation - TERAUTO - Toyota | Citro\u00ebn | Nissan | Fiat | Abarth | BMW e Mini Service","isPartOf":{"@id":"https:\/\/terauto.pt\/#website"},"primaryImageOfPage":{"@id":"https:\/\/terauto.pt\/viaturas\/bmw-serie-3-318-d-navigation\/#primaryimage"},"image":{"@id":"https:\/\/terauto.pt\/viaturas\/bmw-serie-3-318-d-navigation\/#primaryimage"},"thumbnailUrl":"https:\/\/terauto.pt\/wp-content\/uploads\/2026\/03\/WhatsApp-Image-2026-03-13-at-10.34.10.jpeg","datePublished":"2026-03-13T12:19:30+00:00","dateModified":"2026-03-13T12:19:53+00:00","breadcrumb":{"@id":"https:\/\/terauto.pt\/viaturas\/bmw-serie-3-318-d-navigation\/#breadcrumb"},"inLanguage":"en-GB","potentialAction":[{"@type":"ReadAction","target":["https:\/\/terauto.pt\/viaturas\/bmw-serie-3-318-d-navigation\/"]}]},{"@type":"ImageObject","inLanguage":"en-GB","@id":"https:\/\/terauto.pt\/viaturas\/bmw-serie-3-318-d-navigation\/#primaryimage","url":"https:\/\/terauto.pt\/wp-content\/uploads\/2026\/03\/WhatsApp-Image-2026-03-13-at-10.34.10.jpeg","contentUrl":"https:\/\/terauto.pt\/wp-content\/uploads\/2026\/03\/WhatsApp-Image-2026-03-13-at-10.34.10.jpeg","width":2000,"height":1500},{"@type":"BreadcrumbList","@id":"https:\/\/terauto.pt\/viaturas\/bmw-serie-3-318-d-navigation\/#breadcrumb","itemListElement":[{"@type":"ListItem","position":1,"name":"In\u00edcio","item":"https:\/\/terauto.pt\/"},{"@type":"ListItem","position":2,"name":"Viaturas","item":"https:\/\/terauto.pt\/viaturas\/"},{"@type":"ListItem","position":3,"name":"BMW Serie-3 318 d Navigation"}]},{"@type":"WebSite","@id":"https:\/\/terauto.pt\/#website","url":"https:\/\/terauto.pt\/","name":"TERAUTO - Toyota | Citro\u00ebn | Nissan | Fiat | Abarth | BMW Service | Mini Service","description":"Servi\u00e7os autom\u00f3veis de manuten\u00e7\u00e3o, repara\u00e7\u00e3o e venda de pe\u00e7as originais nas ilhas Terceira, Faial e Pico","publisher":{"@id":"https:\/\/terauto.pt\/#organization"},"alternateName":"TERAUTO","potentialAction":[{"@type":"SearchAction","target":{"@type":"EntryPoint","urlTemplate":"https:\/\/terauto.pt\/?s={search_term_string}"},"query-input":{"@type":"PropertyValueSpecification","valueRequired":true,"valueName":"search_term_string"}}],"inLanguage":"en-GB"},{"@type":"Organization","@id":"https:\/\/terauto.pt\/#organization","name":"TERAUTO - Toyota | Citro\u00ebn | Nissan | Fiat | Abarth | BMW Service | Mini Service","alternateName":"TERAUTO","url":"https:\/\/terauto.pt\/","logo":{"@type":"ImageObject","inLanguage":"en-GB","@id":"https:\/\/terauto.pt\/#\/schema\/logo\/image\/","url":"https:\/\/terauto.pt\/wp-content\/uploads\/2025\/01\/Terauto_Alt-H_Black.svg","contentUrl":"https:\/\/terauto.pt\/wp-content\/uploads\/2025\/01\/Terauto_Alt-H_Black.svg","width":552,"height":92,"caption":"TERAUTO - Toyota | Citro\u00ebn | Nissan | Fiat | Abarth | BMW Service | Mini Service"},"image":{"@id":"https:\/\/terauto.pt\/#\/schema\/logo\/image\/"},"sameAs":["https:\/\/www.facebook.com\/terauto.pt","https:\/\/www.instagram.com\/terauto.lda","https:\/\/www.youtube.com\/@Terauto-PT"]}]}},"locations":[{"id":50,"name":"TERCEIRA","slug":"terceira","quantity":""}],"_links":{"self":[{"href":"https:\/\/terauto.pt\/en\/wp-json\/wp\/v2\/product\/10176","targetHints":{"allow":["GET"]}}],"collection":[{"href":"https:\/\/terauto.pt\/en\/wp-json\/wp\/v2\/product"}],"about":[{"href":"https:\/\/terauto.pt\/en\/wp-json\/wp\/v2\/types\/product"}],"wp:featuredmedia":[{"embeddable":true,"href":"https:\/\/terauto.pt\/en\/wp-json\/wp\/v2\/media\/10175"}],"wp:attachment":[{"href":"https:\/\/terauto.pt\/en\/wp-json\/wp\/v2\/media?parent=10176"}],"wp:term":[{"taxonomy":"location","embeddable":true,"href":"https:\/\/terauto.pt\/en\/wp-json\/wp\/v2\/location?post=10176"},{"taxonomy":"modelo","embeddable":true,"href":"https:\/\/terauto.pt\/en\/wp-json\/wp\/v2\/modelo?post=10176"},{"taxonomy":"version","embeddable":true,"href":"https:\/\/terauto.pt\/en\/wp-json\/wp\/v2\/version?post=10176"},{"taxonomy":"product_brand","embeddable":true,"href":"https:\/\/terauto.pt\/en\/wp-json\/wp\/v2\/product_brand?post=10176"},{"taxonomy":"product_cat","embeddable":true,"href":"https:\/\/terauto.pt\/en\/wp-json\/wp\/v2\/product_cat?post=10176"},{"taxonomy":"product_tag","embeddable":true,"href":"https:\/\/terauto.pt\/en\/wp-json\/wp\/v2\/product_tag?post=10176"}],"curies":[{"name":"wp","href":"https:\/\/api.w.org\/{rel}","templated":true}]}}