{"id":9229,"date":"2025-11-28T14:27:08","date_gmt":"2025-11-28T14:27:08","guid":{"rendered":"https:\/\/terauto.pt\/?post_type=product&#038;p=9229"},"modified":"2025-11-28T14:27:09","modified_gmt":"2025-11-28T14:27:09","slug":"fiat-grande-panda-e-la-prima","status":"publish","type":"product","link":"https:\/\/terauto.pt\/en\/viaturas\/fiat-grande-panda-e-la-prima\/","title":{"rendered":"Fiat Grande Panda e &#8211; La Prima"},"content":{"rendered":"<p>O novo <strong>Fiat Grande Panda<\/strong> \u00e9 a reinven\u00e7\u00e3o de um \u00edcone, agora dispon\u00edvel com motoriza\u00e7\u00f5es <strong>el\u00e9trica, h\u00edbrida e gasolina<\/strong>, adaptando-se \u00e0s necessidades de cada condutor. Com um design moderno que homenageia o cl\u00e1ssico Panda, este modelo destaca-se pela sua <strong>autonomia el\u00e9trica at\u00e9 320 km<\/strong>, ideal para o dia a dia na cidade e escapadelas de fim de semana.<\/p>\n<p>No interior, o Grande Panda oferece um espa\u00e7o surpreendente e tecnologia de ponta: <strong>ecr\u00e3 t\u00e1til de 10,25\u201d com wireless mirroring<\/strong>, sensores de estacionamento, far\u00f3is LED e sistemas avan\u00e7ados de seguran\u00e7a como dete\u00e7\u00e3o de fadiga e aviso de transposi\u00e7\u00e3o de faixa. Tudo pensado para proporcionar conforto, seguran\u00e7a e conectividade.<\/p>","protected":false},"excerpt":{"rendered":"<p>O novo Fiat Grande Panda \u00e9 a reinven\u00e7\u00e3o de um \u00edcone, agora dispon\u00edvel com motoriza\u00e7\u00f5es el\u00e9trica, h\u00edbrida e gasolina, adaptando-se \u00e0s necessidades de cada condutor. Com um design moderno que homenageia o cl\u00e1ssico Panda, este modelo destaca-se pela sua autonomia el\u00e9trica at\u00e9 320 km, ideal para o dia a dia na cidade e escapadelas de [&hellip;]<\/p>","protected":false},"featured_media":9230,"template":"","meta":{"_acf_changed":false},"location":[50],"modelo":[126],"version":[1175],"product_brand":[40],"product_cat":[33],"product_tag":[],"class_list":{"0":"post-9229","1":"product","2":"type-product","3":"status-publish","4":"has-post-thumbnail","6":"location-terceira","7":"modelo-grande-panda","8":"version-la-prima","9":"product_brand-fiat","10":"product_cat-novos","12":"first","13":"outofstock","14":"shipping-taxable","15":"product-type-simple"},"acf":[],"yoast_head":"<!-- This site is optimized with the Yoast SEO plugin v26.8 - https:\/\/yoast.com\/product\/yoast-seo-wordpress\/ -->\n<title>Fiat Grande Panda e - La Prima - TERAUTO - Toyota | Citro\u00ebn | Nissan | Fiat | Abarth | BMW e Mini Service<\/title>\n<meta name=\"robots\" content=\"index, follow, max-snippet:-1, max-image-preview:large, max-video-preview:-1\" \/>\n<link rel=\"canonical\" href=\"https:\/\/terauto.pt\/en\/viaturas\/fiat-grande-panda-e-la-prima\/\" \/>\n<meta property=\"og:locale\" content=\"en_GB\" \/>\n<meta property=\"og:type\" content=\"article\" \/>\n<meta property=\"og:title\" content=\"Fiat Grande Panda e - La Prima - TERAUTO - Toyota | Citro\u00ebn | Nissan | Fiat | Abarth | BMW e Mini Service\" \/>\n<meta property=\"og:description\" content=\"O novo Fiat Grande Panda \u00e9 a reinven\u00e7\u00e3o de um \u00edcone, agora dispon\u00edvel com motoriza\u00e7\u00f5es el\u00e9trica, h\u00edbrida e gasolina, adaptando-se \u00e0s necessidades de cada condutor. Com um design moderno que homenageia o cl\u00e1ssico Panda, este modelo destaca-se pela sua autonomia el\u00e9trica at\u00e9 320 km, ideal para o dia a dia na cidade e escapadelas de [&hellip;]\" \/>\n<meta property=\"og:url\" content=\"https:\/\/terauto.pt\/en\/viaturas\/fiat-grande-panda-e-la-prima\/\" \/>\n<meta property=\"og:site_name\" content=\"TERAUTO - Toyota | Citro\u00ebn | Nissan | Fiat | Abarth | BMW e Mini Service\" \/>\n<meta property=\"article:publisher\" content=\"https:\/\/www.facebook.com\/terauto.pt\" \/>\n<meta property=\"article:modified_time\" content=\"2025-11-28T14:27:09+00:00\" \/>\n<meta property=\"og:image\" content=\"https:\/\/terauto.pt\/wp-content\/uploads\/2025\/04\/terauto-terceira-1.webp\" \/>\n\t<meta property=\"og:image:width\" content=\"1920\" \/>\n\t<meta property=\"og:image:height\" content=\"1279\" \/>\n\t<meta property=\"og:image:type\" content=\"image\/webp\" \/>\n<meta name=\"twitter:card\" content=\"summary_large_image\" \/>\n<meta name=\"twitter:label1\" content=\"Estimated reading time\" \/>\n\t<meta name=\"twitter:data1\" content=\"1 minute\" \/>\n<script type=\"application\/ld+json\" class=\"yoast-schema-graph\">{\"@context\":\"https:\/\/schema.org\",\"@graph\":[{\"@type\":\"WebPage\",\"@id\":\"https:\/\/terauto.pt\/viaturas\/fiat-grande-panda-e-la-prima\/\",\"url\":\"https:\/\/terauto.pt\/viaturas\/fiat-grande-panda-e-la-prima\/\",\"name\":\"Fiat Grande Panda e - La Prima - TERAUTO - Toyota | Citro\u00ebn | Nissan | Fiat | Abarth | BMW e Mini Service\",\"isPartOf\":{\"@id\":\"https:\/\/terauto.pt\/#website\"},\"primaryImageOfPage\":{\"@id\":\"https:\/\/terauto.pt\/viaturas\/fiat-grande-panda-e-la-prima\/#primaryimage\"},\"image\":{\"@id\":\"https:\/\/terauto.pt\/viaturas\/fiat-grande-panda-e-la-prima\/#primaryimage\"},\"thumbnailUrl\":\"https:\/\/terauto.pt\/wp-content\/uploads\/2025\/11\/IMG_9115-scaled.jpg\",\"datePublished\":\"2025-11-28T14:27:08+00:00\",\"dateModified\":\"2025-11-28T14:27:09+00:00\",\"breadcrumb\":{\"@id\":\"https:\/\/terauto.pt\/viaturas\/fiat-grande-panda-e-la-prima\/#breadcrumb\"},\"inLanguage\":\"en-GB\",\"potentialAction\":[{\"@type\":\"ReadAction\",\"target\":[\"https:\/\/terauto.pt\/viaturas\/fiat-grande-panda-e-la-prima\/\"]}]},{\"@type\":\"ImageObject\",\"inLanguage\":\"en-GB\",\"@id\":\"https:\/\/terauto.pt\/viaturas\/fiat-grande-panda-e-la-prima\/#primaryimage\",\"url\":\"https:\/\/terauto.pt\/wp-content\/uploads\/2025\/11\/IMG_9115-scaled.jpg\",\"contentUrl\":\"https:\/\/terauto.pt\/wp-content\/uploads\/2025\/11\/IMG_9115-scaled.jpg\",\"width\":2560,\"height\":1920},{\"@type\":\"BreadcrumbList\",\"@id\":\"https:\/\/terauto.pt\/viaturas\/fiat-grande-panda-e-la-prima\/#breadcrumb\",\"itemListElement\":[{\"@type\":\"ListItem\",\"position\":1,\"name\":\"In\u00edcio\",\"item\":\"https:\/\/terauto.pt\/\"},{\"@type\":\"ListItem\",\"position\":2,\"name\":\"Viaturas\",\"item\":\"https:\/\/terauto.pt\/viaturas\/\"},{\"@type\":\"ListItem\",\"position\":3,\"name\":\"Fiat Grande Panda e &#8211; La Prima\"}]},{\"@type\":\"WebSite\",\"@id\":\"https:\/\/terauto.pt\/#website\",\"url\":\"https:\/\/terauto.pt\/\",\"name\":\"TERAUTO - Toyota | Citro\u00ebn | Nissan | Fiat | Abarth | BMW Service | Mini Service\",\"description\":\"Servi\u00e7os autom\u00f3veis de manuten\u00e7\u00e3o, repara\u00e7\u00e3o e venda de pe\u00e7as originais nas ilhas Terceira, Faial e Pico\",\"publisher\":{\"@id\":\"https:\/\/terauto.pt\/#organization\"},\"alternateName\":\"TERAUTO\",\"potentialAction\":[{\"@type\":\"SearchAction\",\"target\":{\"@type\":\"EntryPoint\",\"urlTemplate\":\"https:\/\/terauto.pt\/?s={search_term_string}\"},\"query-input\":{\"@type\":\"PropertyValueSpecification\",\"valueRequired\":true,\"valueName\":\"search_term_string\"}}],\"inLanguage\":\"en-GB\"},{\"@type\":\"Organization\",\"@id\":\"https:\/\/terauto.pt\/#organization\",\"name\":\"TERAUTO - Toyota | Citro\u00ebn | Nissan | Fiat | Abarth | BMW Service | Mini Service\",\"alternateName\":\"TERAUTO\",\"url\":\"https:\/\/terauto.pt\/\",\"logo\":{\"@type\":\"ImageObject\",\"inLanguage\":\"en-GB\",\"@id\":\"https:\/\/terauto.pt\/#\/schema\/logo\/image\/\",\"url\":\"https:\/\/terauto.pt\/wp-content\/uploads\/2025\/01\/Terauto_Alt-H_Black.svg\",\"contentUrl\":\"https:\/\/terauto.pt\/wp-content\/uploads\/2025\/01\/Terauto_Alt-H_Black.svg\",\"width\":552,\"height\":92,\"caption\":\"TERAUTO - Toyota | Citro\u00ebn | Nissan | Fiat | Abarth | BMW Service | Mini Service\"},\"image\":{\"@id\":\"https:\/\/terauto.pt\/#\/schema\/logo\/image\/\"},\"sameAs\":[\"https:\/\/www.facebook.com\/terauto.pt\",\"https:\/\/www.instagram.com\/terauto.lda\",\"https:\/\/www.youtube.com\/@Terauto-PT\"]}]}<\/script>\n<!-- \/ Yoast SEO plugin. -->","yoast_head_json":{"title":"Fiat Grande Panda e - La Prima - TERAUTO - Toyota | Citro\u00ebn | Nissan | Fiat | Abarth | BMW e Mini Service","robots":{"index":"index","follow":"follow","max-snippet":"max-snippet:-1","max-image-preview":"max-image-preview:large","max-video-preview":"max-video-preview:-1"},"canonical":"https:\/\/terauto.pt\/en\/viaturas\/fiat-grande-panda-e-la-prima\/","og_locale":"en_GB","og_type":"article","og_title":"Fiat Grande Panda e - La Prima - TERAUTO - Toyota | Citro\u00ebn | Nissan | Fiat | Abarth | BMW e Mini Service","og_description":"O novo Fiat Grande Panda \u00e9 a reinven\u00e7\u00e3o de um \u00edcone, agora dispon\u00edvel com motoriza\u00e7\u00f5es el\u00e9trica, h\u00edbrida e gasolina, adaptando-se \u00e0s necessidades de cada condutor. Com um design moderno que homenageia o cl\u00e1ssico Panda, este modelo destaca-se pela sua autonomia el\u00e9trica at\u00e9 320 km, ideal para o dia a dia na cidade e escapadelas de [&hellip;]","og_url":"https:\/\/terauto.pt\/en\/viaturas\/fiat-grande-panda-e-la-prima\/","og_site_name":"TERAUTO - Toyota | Citro\u00ebn | Nissan | Fiat | Abarth | BMW e Mini Service","article_publisher":"https:\/\/www.facebook.com\/terauto.pt","article_modified_time":"2025-11-28T14:27:09+00:00","og_image":[{"width":1920,"height":1279,"url":"https:\/\/terauto.pt\/wp-content\/uploads\/2025\/04\/terauto-terceira-1.webp","type":"image\/webp"}],"twitter_card":"summary_large_image","twitter_misc":{"Estimated reading time":"1 minute"},"schema":{"@context":"https:\/\/schema.org","@graph":[{"@type":"WebPage","@id":"https:\/\/terauto.pt\/viaturas\/fiat-grande-panda-e-la-prima\/","url":"https:\/\/terauto.pt\/viaturas\/fiat-grande-panda-e-la-prima\/","name":"Fiat Grande Panda e - La Prima - TERAUTO - Toyota | Citro\u00ebn | Nissan | Fiat | Abarth | BMW e Mini Service","isPartOf":{"@id":"https:\/\/terauto.pt\/#website"},"primaryImageOfPage":{"@id":"https:\/\/terauto.pt\/viaturas\/fiat-grande-panda-e-la-prima\/#primaryimage"},"image":{"@id":"https:\/\/terauto.pt\/viaturas\/fiat-grande-panda-e-la-prima\/#primaryimage"},"thumbnailUrl":"https:\/\/terauto.pt\/wp-content\/uploads\/2025\/11\/IMG_9115-scaled.jpg","datePublished":"2025-11-28T14:27:08+00:00","dateModified":"2025-11-28T14:27:09+00:00","breadcrumb":{"@id":"https:\/\/terauto.pt\/viaturas\/fiat-grande-panda-e-la-prima\/#breadcrumb"},"inLanguage":"en-GB","potentialAction":[{"@type":"ReadAction","target":["https:\/\/terauto.pt\/viaturas\/fiat-grande-panda-e-la-prima\/"]}]},{"@type":"ImageObject","inLanguage":"en-GB","@id":"https:\/\/terauto.pt\/viaturas\/fiat-grande-panda-e-la-prima\/#primaryimage","url":"https:\/\/terauto.pt\/wp-content\/uploads\/2025\/11\/IMG_9115-scaled.jpg","contentUrl":"https:\/\/terauto.pt\/wp-content\/uploads\/2025\/11\/IMG_9115-scaled.jpg","width":2560,"height":1920},{"@type":"BreadcrumbList","@id":"https:\/\/terauto.pt\/viaturas\/fiat-grande-panda-e-la-prima\/#breadcrumb","itemListElement":[{"@type":"ListItem","position":1,"name":"In\u00edcio","item":"https:\/\/terauto.pt\/"},{"@type":"ListItem","position":2,"name":"Viaturas","item":"https:\/\/terauto.pt\/viaturas\/"},{"@type":"ListItem","position":3,"name":"Fiat Grande Panda e &#8211; La Prima"}]},{"@type":"WebSite","@id":"https:\/\/terauto.pt\/#website","url":"https:\/\/terauto.pt\/","name":"TERAUTO - Toyota | Citro\u00ebn | Nissan | Fiat | Abarth | BMW Service | Mini Service","description":"Servi\u00e7os autom\u00f3veis de manuten\u00e7\u00e3o, repara\u00e7\u00e3o e venda de pe\u00e7as originais nas ilhas Terceira, Faial e Pico","publisher":{"@id":"https:\/\/terauto.pt\/#organization"},"alternateName":"TERAUTO","potentialAction":[{"@type":"SearchAction","target":{"@type":"EntryPoint","urlTemplate":"https:\/\/terauto.pt\/?s={search_term_string}"},"query-input":{"@type":"PropertyValueSpecification","valueRequired":true,"valueName":"search_term_string"}}],"inLanguage":"en-GB"},{"@type":"Organization","@id":"https:\/\/terauto.pt\/#organization","name":"TERAUTO - Toyota | Citro\u00ebn | Nissan | Fiat | Abarth | BMW Service | Mini Service","alternateName":"TERAUTO","url":"https:\/\/terauto.pt\/","logo":{"@type":"ImageObject","inLanguage":"en-GB","@id":"https:\/\/terauto.pt\/#\/schema\/logo\/image\/","url":"https:\/\/terauto.pt\/wp-content\/uploads\/2025\/01\/Terauto_Alt-H_Black.svg","contentUrl":"https:\/\/terauto.pt\/wp-content\/uploads\/2025\/01\/Terauto_Alt-H_Black.svg","width":552,"height":92,"caption":"TERAUTO - Toyota | Citro\u00ebn | Nissan | Fiat | Abarth | BMW Service | Mini Service"},"image":{"@id":"https:\/\/terauto.pt\/#\/schema\/logo\/image\/"},"sameAs":["https:\/\/www.facebook.com\/terauto.pt","https:\/\/www.instagram.com\/terauto.lda","https:\/\/www.youtube.com\/@Terauto-PT"]}]}},"locations":[{"id":50,"name":"TERCEIRA","slug":"terceira","quantity":""}],"_links":{"self":[{"href":"https:\/\/terauto.pt\/en\/wp-json\/wp\/v2\/product\/9229","targetHints":{"allow":["GET"]}}],"collection":[{"href":"https:\/\/terauto.pt\/en\/wp-json\/wp\/v2\/product"}],"about":[{"href":"https:\/\/terauto.pt\/en\/wp-json\/wp\/v2\/types\/product"}],"wp:featuredmedia":[{"embeddable":true,"href":"https:\/\/terauto.pt\/en\/wp-json\/wp\/v2\/media\/9230"}],"wp:attachment":[{"href":"https:\/\/terauto.pt\/en\/wp-json\/wp\/v2\/media?parent=9229"}],"wp:term":[{"taxonomy":"location","embeddable":true,"href":"https:\/\/terauto.pt\/en\/wp-json\/wp\/v2\/location?post=9229"},{"taxonomy":"modelo","embeddable":true,"href":"https:\/\/terauto.pt\/en\/wp-json\/wp\/v2\/modelo?post=9229"},{"taxonomy":"version","embeddable":true,"href":"https:\/\/terauto.pt\/en\/wp-json\/wp\/v2\/version?post=9229"},{"taxonomy":"product_brand","embeddable":true,"href":"https:\/\/terauto.pt\/en\/wp-json\/wp\/v2\/product_brand?post=9229"},{"taxonomy":"product_cat","embeddable":true,"href":"https:\/\/terauto.pt\/en\/wp-json\/wp\/v2\/product_cat?post=9229"},{"taxonomy":"product_tag","embeddable":true,"href":"https:\/\/terauto.pt\/en\/wp-json\/wp\/v2\/product_tag?post=9229"}],"curies":[{"name":"wp","href":"https:\/\/api.w.org\/{rel}","templated":true}]}}