{"id":9874,"date":"2026-01-23T18:22:12","date_gmt":"2026-01-23T18:22:12","guid":{"rendered":"https:\/\/terauto.pt\/?post_type=product&#038;p=9874"},"modified":"2026-02-27T11:41:47","modified_gmt":"2026-02-27T11:41:47","slug":"nissan-micra-ig-t-acenta","status":"publish","type":"product","link":"https:\/\/terauto.pt\/en\/viaturas\/nissan-micra-ig-t-acenta\/","title":{"rendered":"NISSAN MICRA IG-T ACENTA"},"content":{"rendered":"","protected":false},"excerpt":{"rendered":"","protected":false},"featured_media":9876,"template":"","meta":{"_acf_changed":false},"location":[48],"modelo":[1146],"version":[],"product_brand":[39],"product_cat":[29],"product_tag":[],"class_list":{"0":"post-9874","1":"product","2":"type-product","3":"status-publish","4":"has-post-thumbnail","6":"location-faial","7":"modelo-micra","8":"product_brand-nissan","9":"product_cat-usados","11":"first","12":"outofstock","13":"shipping-taxable","14":"purchasable","15":"product-type-simple"},"acf":[],"yoast_head":"<!-- This site is optimized with the Yoast SEO plugin v26.8 - https:\/\/yoast.com\/product\/yoast-seo-wordpress\/ -->\n<title>NISSAN MICRA IG-T ACENTA - TERAUTO - Toyota | Citro\u00ebn | Nissan | Fiat | Abarth | BMW e Mini Service<\/title>\n<meta name=\"robots\" content=\"index, follow, max-snippet:-1, max-image-preview:large, max-video-preview:-1\" \/>\n<link rel=\"canonical\" href=\"https:\/\/terauto.pt\/en\/viaturas\/nissan-micra-ig-t-acenta\/\" \/>\n<meta property=\"og:locale\" content=\"en_GB\" \/>\n<meta property=\"og:type\" content=\"article\" \/>\n<meta property=\"og:title\" content=\"NISSAN MICRA IG-T ACENTA - TERAUTO - Toyota | Citro\u00ebn | Nissan | Fiat | Abarth | BMW e Mini Service\" \/>\n<meta property=\"og:url\" content=\"https:\/\/terauto.pt\/en\/viaturas\/nissan-micra-ig-t-acenta\/\" \/>\n<meta property=\"og:site_name\" content=\"TERAUTO - Toyota | Citro\u00ebn | Nissan | Fiat | Abarth | BMW e Mini Service\" \/>\n<meta property=\"article:publisher\" content=\"https:\/\/www.facebook.com\/terauto.pt\" \/>\n<meta property=\"article:modified_time\" content=\"2026-02-27T11:41:47+00:00\" \/>\n<meta property=\"og:image\" content=\"https:\/\/terauto.pt\/wp-content\/uploads\/2026\/01\/IMG_0689.jpeg\" \/>\n\t<meta property=\"og:image:width\" content=\"640\" \/>\n\t<meta property=\"og:image:height\" content=\"480\" \/>\n\t<meta property=\"og:image:type\" content=\"image\/jpeg\" \/>\n<meta name=\"twitter:card\" content=\"summary_large_image\" \/>\n<meta name=\"twitter:label1\" content=\"Estimated reading time\" \/>\n\t<meta name=\"twitter:data1\" content=\"1 minute\" \/>\n<script type=\"application\/ld+json\" class=\"yoast-schema-graph\">{\"@context\":\"https:\/\/schema.org\",\"@graph\":[{\"@type\":\"WebPage\",\"@id\":\"https:\/\/terauto.pt\/viaturas\/nissan-micra-ig-t-acenta\/\",\"url\":\"https:\/\/terauto.pt\/viaturas\/nissan-micra-ig-t-acenta\/\",\"name\":\"NISSAN MICRA IG-T ACENTA - TERAUTO - Toyota | Citro\u00ebn | Nissan | Fiat | Abarth | BMW e Mini Service\",\"isPartOf\":{\"@id\":\"https:\/\/terauto.pt\/#website\"},\"primaryImageOfPage\":{\"@id\":\"https:\/\/terauto.pt\/viaturas\/nissan-micra-ig-t-acenta\/#primaryimage\"},\"image\":{\"@id\":\"https:\/\/terauto.pt\/viaturas\/nissan-micra-ig-t-acenta\/#primaryimage\"},\"thumbnailUrl\":\"https:\/\/terauto.pt\/wp-content\/uploads\/2026\/01\/IMG_0689.jpeg\",\"datePublished\":\"2026-01-23T18:22:12+00:00\",\"dateModified\":\"2026-02-27T11:41:47+00:00\",\"breadcrumb\":{\"@id\":\"https:\/\/terauto.pt\/viaturas\/nissan-micra-ig-t-acenta\/#breadcrumb\"},\"inLanguage\":\"en-GB\",\"potentialAction\":[{\"@type\":\"ReadAction\",\"target\":[\"https:\/\/terauto.pt\/viaturas\/nissan-micra-ig-t-acenta\/\"]}]},{\"@type\":\"ImageObject\",\"inLanguage\":\"en-GB\",\"@id\":\"https:\/\/terauto.pt\/viaturas\/nissan-micra-ig-t-acenta\/#primaryimage\",\"url\":\"https:\/\/terauto.pt\/wp-content\/uploads\/2026\/01\/IMG_0689.jpeg\",\"contentUrl\":\"https:\/\/terauto.pt\/wp-content\/uploads\/2026\/01\/IMG_0689.jpeg\",\"width\":640,\"height\":480},{\"@type\":\"BreadcrumbList\",\"@id\":\"https:\/\/terauto.pt\/viaturas\/nissan-micra-ig-t-acenta\/#breadcrumb\",\"itemListElement\":[{\"@type\":\"ListItem\",\"position\":1,\"name\":\"In\u00edcio\",\"item\":\"https:\/\/terauto.pt\/\"},{\"@type\":\"ListItem\",\"position\":2,\"name\":\"Viaturas\",\"item\":\"https:\/\/terauto.pt\/viaturas\/\"},{\"@type\":\"ListItem\",\"position\":3,\"name\":\"NISSAN MICRA IG-T ACENTA\"}]},{\"@type\":\"WebSite\",\"@id\":\"https:\/\/terauto.pt\/#website\",\"url\":\"https:\/\/terauto.pt\/\",\"name\":\"TERAUTO - Toyota | Citro\u00ebn | Nissan | Fiat | Abarth | BMW Service | Mini Service\",\"description\":\"Servi\u00e7os autom\u00f3veis de manuten\u00e7\u00e3o, repara\u00e7\u00e3o e venda de pe\u00e7as originais nas ilhas Terceira, Faial e Pico\",\"publisher\":{\"@id\":\"https:\/\/terauto.pt\/#organization\"},\"alternateName\":\"TERAUTO\",\"potentialAction\":[{\"@type\":\"SearchAction\",\"target\":{\"@type\":\"EntryPoint\",\"urlTemplate\":\"https:\/\/terauto.pt\/?s={search_term_string}\"},\"query-input\":{\"@type\":\"PropertyValueSpecification\",\"valueRequired\":true,\"valueName\":\"search_term_string\"}}],\"inLanguage\":\"en-GB\"},{\"@type\":\"Organization\",\"@id\":\"https:\/\/terauto.pt\/#organization\",\"name\":\"TERAUTO - Toyota | Citro\u00ebn | Nissan | Fiat | Abarth | BMW Service | Mini Service\",\"alternateName\":\"TERAUTO\",\"url\":\"https:\/\/terauto.pt\/\",\"logo\":{\"@type\":\"ImageObject\",\"inLanguage\":\"en-GB\",\"@id\":\"https:\/\/terauto.pt\/#\/schema\/logo\/image\/\",\"url\":\"https:\/\/terauto.pt\/wp-content\/uploads\/2025\/01\/Terauto_Alt-H_Black.svg\",\"contentUrl\":\"https:\/\/terauto.pt\/wp-content\/uploads\/2025\/01\/Terauto_Alt-H_Black.svg\",\"width\":552,\"height\":92,\"caption\":\"TERAUTO - Toyota | Citro\u00ebn | Nissan | Fiat | Abarth | BMW Service | Mini Service\"},\"image\":{\"@id\":\"https:\/\/terauto.pt\/#\/schema\/logo\/image\/\"},\"sameAs\":[\"https:\/\/www.facebook.com\/terauto.pt\",\"https:\/\/www.instagram.com\/terauto.lda\",\"https:\/\/www.youtube.com\/@Terauto-PT\"]}]}<\/script>\n<!-- \/ Yoast SEO plugin. -->","yoast_head_json":{"title":"NISSAN MICRA IG-T ACENTA - TERAUTO - Toyota | Citro\u00ebn | Nissan | Fiat | Abarth | BMW e Mini Service","robots":{"index":"index","follow":"follow","max-snippet":"max-snippet:-1","max-image-preview":"max-image-preview:large","max-video-preview":"max-video-preview:-1"},"canonical":"https:\/\/terauto.pt\/en\/viaturas\/nissan-micra-ig-t-acenta\/","og_locale":"en_GB","og_type":"article","og_title":"NISSAN MICRA IG-T ACENTA - TERAUTO - Toyota | Citro\u00ebn | Nissan | Fiat | Abarth | BMW e Mini Service","og_url":"https:\/\/terauto.pt\/en\/viaturas\/nissan-micra-ig-t-acenta\/","og_site_name":"TERAUTO - Toyota | Citro\u00ebn | Nissan | Fiat | Abarth | BMW e Mini Service","article_publisher":"https:\/\/www.facebook.com\/terauto.pt","article_modified_time":"2026-02-27T11:41:47+00:00","og_image":[{"width":640,"height":480,"url":"https:\/\/terauto.pt\/wp-content\/uploads\/2026\/01\/IMG_0689.jpeg","type":"image\/jpeg"}],"twitter_card":"summary_large_image","twitter_misc":{"Estimated reading time":"1 minute"},"schema":{"@context":"https:\/\/schema.org","@graph":[{"@type":"WebPage","@id":"https:\/\/terauto.pt\/viaturas\/nissan-micra-ig-t-acenta\/","url":"https:\/\/terauto.pt\/viaturas\/nissan-micra-ig-t-acenta\/","name":"NISSAN MICRA IG-T ACENTA - TERAUTO - Toyota | Citro\u00ebn | Nissan | Fiat | Abarth | BMW e Mini Service","isPartOf":{"@id":"https:\/\/terauto.pt\/#website"},"primaryImageOfPage":{"@id":"https:\/\/terauto.pt\/viaturas\/nissan-micra-ig-t-acenta\/#primaryimage"},"image":{"@id":"https:\/\/terauto.pt\/viaturas\/nissan-micra-ig-t-acenta\/#primaryimage"},"thumbnailUrl":"https:\/\/terauto.pt\/wp-content\/uploads\/2026\/01\/IMG_0689.jpeg","datePublished":"2026-01-23T18:22:12+00:00","dateModified":"2026-02-27T11:41:47+00:00","breadcrumb":{"@id":"https:\/\/terauto.pt\/viaturas\/nissan-micra-ig-t-acenta\/#breadcrumb"},"inLanguage":"en-GB","potentialAction":[{"@type":"ReadAction","target":["https:\/\/terauto.pt\/viaturas\/nissan-micra-ig-t-acenta\/"]}]},{"@type":"ImageObject","inLanguage":"en-GB","@id":"https:\/\/terauto.pt\/viaturas\/nissan-micra-ig-t-acenta\/#primaryimage","url":"https:\/\/terauto.pt\/wp-content\/uploads\/2026\/01\/IMG_0689.jpeg","contentUrl":"https:\/\/terauto.pt\/wp-content\/uploads\/2026\/01\/IMG_0689.jpeg","width":640,"height":480},{"@type":"BreadcrumbList","@id":"https:\/\/terauto.pt\/viaturas\/nissan-micra-ig-t-acenta\/#breadcrumb","itemListElement":[{"@type":"ListItem","position":1,"name":"In\u00edcio","item":"https:\/\/terauto.pt\/"},{"@type":"ListItem","position":2,"name":"Viaturas","item":"https:\/\/terauto.pt\/viaturas\/"},{"@type":"ListItem","position":3,"name":"NISSAN MICRA IG-T ACENTA"}]},{"@type":"WebSite","@id":"https:\/\/terauto.pt\/#website","url":"https:\/\/terauto.pt\/","name":"TERAUTO - Toyota | Citro\u00ebn | Nissan | Fiat | Abarth | BMW Service | Mini Service","description":"Servi\u00e7os autom\u00f3veis de manuten\u00e7\u00e3o, repara\u00e7\u00e3o e venda de pe\u00e7as originais nas ilhas Terceira, Faial e Pico","publisher":{"@id":"https:\/\/terauto.pt\/#organization"},"alternateName":"TERAUTO","potentialAction":[{"@type":"SearchAction","target":{"@type":"EntryPoint","urlTemplate":"https:\/\/terauto.pt\/?s={search_term_string}"},"query-input":{"@type":"PropertyValueSpecification","valueRequired":true,"valueName":"search_term_string"}}],"inLanguage":"en-GB"},{"@type":"Organization","@id":"https:\/\/terauto.pt\/#organization","name":"TERAUTO - Toyota | Citro\u00ebn | Nissan | Fiat | Abarth | BMW Service | Mini Service","alternateName":"TERAUTO","url":"https:\/\/terauto.pt\/","logo":{"@type":"ImageObject","inLanguage":"en-GB","@id":"https:\/\/terauto.pt\/#\/schema\/logo\/image\/","url":"https:\/\/terauto.pt\/wp-content\/uploads\/2025\/01\/Terauto_Alt-H_Black.svg","contentUrl":"https:\/\/terauto.pt\/wp-content\/uploads\/2025\/01\/Terauto_Alt-H_Black.svg","width":552,"height":92,"caption":"TERAUTO - Toyota | Citro\u00ebn | Nissan | Fiat | Abarth | BMW Service | Mini Service"},"image":{"@id":"https:\/\/terauto.pt\/#\/schema\/logo\/image\/"},"sameAs":["https:\/\/www.facebook.com\/terauto.pt","https:\/\/www.instagram.com\/terauto.lda","https:\/\/www.youtube.com\/@Terauto-PT"]}]}},"locations":[{"id":48,"name":"FAIAL","slug":"faial","quantity":"0"}],"_links":{"self":[{"href":"https:\/\/terauto.pt\/en\/wp-json\/wp\/v2\/product\/9874","targetHints":{"allow":["GET"]}}],"collection":[{"href":"https:\/\/terauto.pt\/en\/wp-json\/wp\/v2\/product"}],"about":[{"href":"https:\/\/terauto.pt\/en\/wp-json\/wp\/v2\/types\/product"}],"wp:featuredmedia":[{"embeddable":true,"href":"https:\/\/terauto.pt\/en\/wp-json\/wp\/v2\/media\/9876"}],"wp:attachment":[{"href":"https:\/\/terauto.pt\/en\/wp-json\/wp\/v2\/media?parent=9874"}],"wp:term":[{"taxonomy":"location","embeddable":true,"href":"https:\/\/terauto.pt\/en\/wp-json\/wp\/v2\/location?post=9874"},{"taxonomy":"modelo","embeddable":true,"href":"https:\/\/terauto.pt\/en\/wp-json\/wp\/v2\/modelo?post=9874"},{"taxonomy":"version","embeddable":true,"href":"https:\/\/terauto.pt\/en\/wp-json\/wp\/v2\/version?post=9874"},{"taxonomy":"product_brand","embeddable":true,"href":"https:\/\/terauto.pt\/en\/wp-json\/wp\/v2\/product_brand?post=9874"},{"taxonomy":"product_cat","embeddable":true,"href":"https:\/\/terauto.pt\/en\/wp-json\/wp\/v2\/product_cat?post=9874"},{"taxonomy":"product_tag","embeddable":true,"href":"https:\/\/terauto.pt\/en\/wp-json\/wp\/v2\/product_tag?post=9874"}],"curies":[{"name":"wp","href":"https:\/\/api.w.org\/{rel}","templated":true}]}}